{"id":4907,"date":"2025-09-22T16:53:08","date_gmt":"2025-09-22T14:53:08","guid":{"rendered":"https:\/\/tropotherm.es\/aviso-legal\/"},"modified":"2025-10-21T12:22:53","modified_gmt":"2025-10-21T10:22:53","slug":"aviso-legal","status":"publish","type":"page","link":"https:\/\/tropotherm.es\/es\/aviso-legal\/","title":{"rendered":"Aviso legal"},"content":{"rendered":"\t\t<div data-elementor-type=\"wp-page\" data-elementor-id=\"4907\" class=\"elementor elementor-4907 elementor-1670\" data-elementor-post-type=\"page\">\n\t\t\t\t<div class=\"elementor-element elementor-element-f070e69 e-flex e-con-boxed e-con e-parent\" data-id=\"f070e69\" data-element_type=\"container\" data-settings=\"{&quot;background_background&quot;:&quot;classic&quot;}\">\n\t\t\t\t\t<div class=\"e-con-inner\">\n\t\t\t\t\t<\/div>\n\t\t\t\t<\/div>\n\t\t<div class=\"elementor-element elementor-element-b9ab874 e-flex e-con-boxed e-con e-parent\" data-id=\"b9ab874\" data-element_type=\"container\" id=\"loesung\" data-settings=\"{&quot;background_background&quot;:&quot;classic&quot;}\">\n\t\t\t\t\t<div class=\"e-con-inner\">\n\t\t\t\t<div class=\"elementor-element elementor-element-41f31f7 elementor-widget elementor-widget-heading\" data-id=\"41f31f7\" data-element_type=\"widget\" data-widget_type=\"heading.default\">\n\t\t\t\t\t<h3 class=\"elementor-heading-title elementor-size-default\">Aviso legal<\/h3>\t\t\t\t<\/div>\n\t\t<div class=\"elementor-element elementor-element-be77fe1 e-con-full e-flex e-con e-child\" data-id=\"be77fe1\" data-element_type=\"container\">\n\t\t\t\t<div class=\"elementor-element elementor-element-c664d27 elementor-widget elementor-widget-text-editor\" data-id=\"c664d27\" data-element_type=\"widget\" data-widget_type=\"text-editor.default\">\n\t\t\t\t\t\t\t\t\t<strong>TropoTherm, S.L.<\/strong><br>Almer\u00eda, Espa\u00f1a<br>+34 950 208 756<br><br>\ncontact@tropotherm.es<br>www.tropotherm.es<br><br>\nPatente:\nDE 10 2013 010 702\nEP 147 33 093\t\t\t\t\t\t\t\t<\/div>\n\t\t\t\t<div class=\"elementor-element elementor-element-3c6d25a elementor-widget elementor-widget-text-editor\" data-id=\"3c6d25a\" data-element_type=\"widget\" data-widget_type=\"text-editor.default\">\n\t\t\t\t\t\t\t\t\t<p>El siguiente aviso legal le informa sobre los responsables de esta p\u00e1gina, as\u00ed como sobre los datos del proveedor de servicios seg\u00fan el art\u00edculo 5 de la Ley de Servicios Digitales (DDG). T\u00f3mese un momento para leer la siguiente informaci\u00f3n. Si tiene alguna pregunta o inquietud, no dude en ponerse en contacto con nosotros.  <\/p>\t\t\t\t\t\t\t\t<\/div>\n\t\t\t\t<div class=\"elementor-element elementor-element-7e8a001 elementor-widget elementor-widget-heading\" data-id=\"7e8a001\" data-element_type=\"widget\" data-widget_type=\"heading.default\">\n\t\t\t\t\t<h3 class=\"elementor-heading-title elementor-size-default\">Nota legal<\/h3>\t\t\t\t<\/div>\n\t\t\t\t<div class=\"elementor-element elementor-element-6e1784b elementor-widget elementor-widget-text-editor\" data-id=\"6e1784b\" data-element_type=\"widget\" data-widget_type=\"text-editor.default\">\n\t\t\t\t\t\t\t\t\t<p>No asumimos ninguna responsabilidad por la actualidad, exactitud, integridad o calidad de la informaci\u00f3n proporcionada. Quedan excluidas las reclamaciones de responsabilidad contra nosotros que se refieran a da\u00f1os materiales o inmateriales causados por el uso o no uso de la informaci\u00f3n ofrecida o por el uso de informaci\u00f3n incorrecta o incompleta, a menos que la ley exija responsabilidad obligatoria. Todas las ofertas est\u00e1n sujetas a cambios y no son vinculantes. Nos reservamos expresamente el derecho a modificar, complementar, eliminar o suspender temporal o definitivamente la publicaci\u00f3n de partes de las p\u00e1ginas o de toda la oferta sin previo aviso.   <\/p><p>No asumimos ninguna responsabilidad por el contenido de ofertas externas. Las p\u00e1ginas a las que remitimos directamente a trav\u00e9s de enlaces externos son cuidadosamente seleccionadas por nosotros antes de establecer el enlace. Sin embargo, no tenemos ninguna influencia sobre los cambios posteriores de las p\u00e1ginas enlazadas directamente ni sobre el contenido de las p\u00e1ginas siguientes de ofertas externas. Por lo tanto, nos distanciamos expresamente de los cambios posteriores de las p\u00e1ginas enlazadas directamente, del contenido de las p\u00e1ginas siguientes, as\u00ed como de sus proveedores.   <\/p>\t\t\t\t\t\t\t\t<\/div>\n\t\t\t\t<div class=\"elementor-element elementor-element-54aef82 elementor-widget elementor-widget-heading\" data-id=\"54aef82\" data-element_type=\"widget\" data-widget_type=\"heading.default\">\n\t\t\t\t\t<h3 class=\"elementor-heading-title elementor-size-default\">La informaci\u00f3n aqu\u00ed proporcionada se facilita para cumplir con las siguientes obligaciones legales<\/h3>\t\t\t\t<\/div>\n\t\t\t\t<div class=\"elementor-element elementor-element-4f3e811 elementor-widget elementor-widget-text-editor\" data-id=\"4f3e811\" data-element_type=\"widget\" data-widget_type=\"text-editor.default\">\n\t\t\t\t\t\t\t\t\t<p>Art\u00edculo 5 de la Ley de Servicios Digitales (DDG)<br>Art\u00edculo 55 del Tratado de Estado sobre Radiodifusi\u00f3n y Telemedia (RStV)<br>Art\u00edculo 4, apartado 3 de la Ley Federal de Protecci\u00f3n de Datos (BDSG)<br>Art\u00edculo 312c del C\u00f3digo Civil alem\u00e1n (BGB)<br>Art\u00edculo 1 del Reglamento de Obligaciones de Informaci\u00f3n del BGB (BGB-InfoV) <\/p>\t\t\t\t\t\t\t\t<\/div>\n\t\t\t\t<div class=\"elementor-element elementor-element-c83562d elementor-widget elementor-widget-heading\" data-id=\"c83562d\" data-element_type=\"widget\" data-widget_type=\"heading.default\">\n\t\t\t\t\t<h3 class=\"elementor-heading-title elementor-size-default\">Responsabilidad period\u00edstica y editorial<\/h3>\t\t\t\t<\/div>\n\t\t\t\t<div class=\"elementor-element elementor-element-0f7eefb elementor-widget elementor-widget-text-editor\" data-id=\"0f7eefb\" data-element_type=\"widget\" data-widget_type=\"text-editor.default\">\n\t\t\t\t\t\t\t\t\t<p>Emilio Rodriguez Cabeo<br>Dr.-Ing. &amp; Ronald Edler<\/p>\t\t\t\t\t\t\t\t<\/div>\n\t\t\t\t<div class=\"elementor-element elementor-element-7e80790 elementor-widget elementor-widget-heading\" data-id=\"7e80790\" data-element_type=\"widget\" data-widget_type=\"heading.default\">\n\t\t\t\t\t<h3 class=\"elementor-heading-title elementor-size-default\">Fuentes de im\u00e1genes<\/h3>\t\t\t\t<\/div>\n\t\t\t\t<div class=\"elementor-element elementor-element-90552b3 elementor-widget elementor-widget-text-editor\" data-id=\"90552b3\" data-element_type=\"widget\" data-widget_type=\"text-editor.default\">\n\t\t\t\t\t\t\t\t\t<p>Shutterstock, istock, Material fotogr\u00e1fico propio<\/p>\t\t\t\t\t\t\t\t<\/div>\n\t\t\t\t<div class=\"elementor-element elementor-element-c037723 elementor-widget elementor-widget-heading\" data-id=\"c037723\" data-element_type=\"widget\" data-widget_type=\"heading.default\">\n\t\t\t\t\t<h3 class=\"elementor-heading-title elementor-size-default\">Recopilaci\u00f3n, procesamiento y uso de mis datos con fines comerciales<\/h3>\t\t\t\t<\/div>\n\t\t\t\t<div class=\"elementor-element elementor-element-fe31eb2 elementor-widget elementor-widget-text-editor\" data-id=\"fe31eb2\" data-element_type=\"widget\" data-widget_type=\"text-editor.default\">\n\t\t\t\t\t\t\t\t\t<p>De conformidad con el art\u00edculo 28 de la BDSG, me opongo a cualquier uso comercial y divulgaci\u00f3n de mis datos, as\u00ed como al uso de mis datos personales en todas las empresas de marketing directo y en todos los env\u00edos publicitarios. Prohibimos el uso o la transmisi\u00f3n de mis datos con fines publicitarios o de investigaci\u00f3n de mercado o de opini\u00f3n. <\/p>\t\t\t\t\t\t\t\t<\/div>\n\t\t\t\t<div class=\"elementor-element elementor-element-6ca053c elementor-widget elementor-widget-heading\" data-id=\"6ca053c\" data-element_type=\"widget\" data-widget_type=\"heading.default\">\n\t\t\t\t\t<h3 class=\"elementor-heading-title elementor-size-default\">Nota sobre nombres de marcas y logotipos protegidos<\/h3>\t\t\t\t<\/div>\n\t\t\t\t<div class=\"elementor-element elementor-element-f2486d0 elementor-widget elementor-widget-text-editor\" data-id=\"f2486d0\" data-element_type=\"widget\" data-widget_type=\"text-editor.default\">\n\t\t\t\t\t\t\t\t\t<p>El uso de nombres de marcas, nombres comerciales, modelos de utilidad y logotipos de marcas protegidos en esta p\u00e1gina web no constituye una infracci\u00f3n de los derechos de autor, sino que sirve como indicaci\u00f3n ilustrativa. Aunque no est\u00e9n marcados como tales en los lugares respectivos, se aplicar\u00e1n las disposiciones legales correspondientes. <\/p><p>Los nombres de marcas y logotipos utilizados son propiedad de los fabricantes y est\u00e1n sujetos a sus disposiciones de copyright. Para obtener informaci\u00f3n al respecto, consulte las indicaciones de los fabricantes en sus p\u00e1ginas web. <\/p>\t\t\t\t\t\t\t\t<\/div>\n\t\t\t\t<div class=\"elementor-element elementor-element-c4d1349 elementor-widget elementor-widget-heading\" data-id=\"c4d1349\" data-element_type=\"widget\" data-widget_type=\"heading.default\">\n\t\t\t\t\t<h3 class=\"elementor-heading-title elementor-size-default\">Nota sobre derechos de autor y copyright<\/h3>\t\t\t\t<\/div>\n\t\t\t\t<div class=\"elementor-element elementor-element-2c0f04b elementor-widget elementor-widget-text-editor\" data-id=\"2c0f04b\" data-element_type=\"widget\" data-widget_type=\"text-editor.default\">\n\t\t\t\t\t\t\t\t\tTodos los derechos reservados. Todos los textos, im\u00e1genes, gr\u00e1ficos, animaciones y v\u00eddeos, as\u00ed como el contenido y la estructura de este sitio web, est\u00e1n sujetos a la protecci\u00f3n de los derechos de autor y otras leyes de protecci\u00f3n de la propiedad intelectual. No est\u00e1 permitida su copia, modificaci\u00f3n, uso comercial, uso en otros medios o divulgaci\u00f3n a terceros, o requiere la aprobaci\u00f3n previa y expresa.  \t\t\t\t\t\t\t\t<\/div>\n\t\t\t\t<div class=\"elementor-element elementor-element-4cd06f0 elementor-widget elementor-widget-heading\" data-id=\"4cd06f0\" data-element_type=\"widget\" data-widget_type=\"heading.default\">\n\t\t\t\t\t<h3 class=\"elementor-heading-title elementor-size-default\">Nota sobre derechos de autor y copyright<\/h3>\t\t\t\t<\/div>\n\t\t\t\t<div class=\"elementor-element elementor-element-0725e8a elementor-widget elementor-widget-text-editor\" data-id=\"0725e8a\" data-element_type=\"widget\" data-widget_type=\"text-editor.default\">\n\t\t\t\t\t\t\t\t\tA pesar de un control cuidadoso del contenido, no asumimos ninguna responsabilidad por el contenido de los enlaces externos. Los operadores de los mismos son los \u00fanicos responsables del contenido. Si desea visitar los sitios web enlazados, debe tener en cuenta los avisos legales actualmente vigentes. No somos responsables de las normas de protecci\u00f3n de datos ni de las pr\u00e1cticas de otros proveedores.   \t\t\t\t\t\t\t\t<\/div>\n\t\t\t\t<\/div>\n\t\t\t\t\t<\/div>\n\t\t\t\t<\/div>\n\t\t\t\t<\/div>\n\t\t","protected":false},"excerpt":{"rendered":"<p>Aviso legal TropoTherm, S.L.Almer\u00eda, Espa\u00f1a+34 950 208 756 contact@tropotherm.eswww.tropotherm.es Patente: DE 10 2013 010 702 EP 147 33 093 El siguiente aviso legal le informa sobre<span class=\"excerpt-hellip\"> [\u2026]<\/span><\/p>\n","protected":false},"author":1,"featured_media":0,"parent":0,"menu_order":0,"comment_status":"open","ping_status":"closed","template":"","meta":{"footnotes":""},"class_list":["post-4907","page","type-page","status-publish","hentry"],"_links":{"self":[{"href":"https:\/\/tropotherm.es\/es\/wp-json\/wp\/v2\/pages\/4907","targetHints":{"allow":["GET"]}}],"collection":[{"href":"https:\/\/tropotherm.es\/es\/wp-json\/wp\/v2\/pages"}],"about":[{"href":"https:\/\/tropotherm.es\/es\/wp-json\/wp\/v2\/types\/page"}],"author":[{"embeddable":true,"href":"https:\/\/tropotherm.es\/es\/wp-json\/wp\/v2\/users\/1"}],"replies":[{"embeddable":true,"href":"https:\/\/tropotherm.es\/es\/wp-json\/wp\/v2\/comments?post=4907"}],"version-history":[{"count":2,"href":"https:\/\/tropotherm.es\/es\/wp-json\/wp\/v2\/pages\/4907\/revisions"}],"predecessor-version":[{"id":4954,"href":"https:\/\/tropotherm.es\/es\/wp-json\/wp\/v2\/pages\/4907\/revisions\/4954"}],"wp:attachment":[{"href":"https:\/\/tropotherm.es\/es\/wp-json\/wp\/v2\/media?parent=4907"}],"curies":[{"name":"wp","href":"https:\/\/api.w.org\/{rel}","templated":true}]}}