{"id":4915,"date":"2025-10-06T11:06:38","date_gmt":"2025-10-06T09:06:38","guid":{"rendered":"https:\/\/tropotherm.es\/conviertase-en-inversor\/"},"modified":"2025-10-28T19:43:50","modified_gmt":"2025-10-28T18:43:50","slug":"conviertase-en-inversor","status":"publish","type":"page","link":"https:\/\/tropotherm.es\/es\/conviertase-en-inversor\/","title":{"rendered":"Convi\u00e9rtase en inversor"},"content":{"rendered":"\t\t<div data-elementor-type=\"wp-page\" data-elementor-id=\"4915\" class=\"elementor elementor-4915 elementor-2824\" data-elementor-post-type=\"page\">\n\t\t\t\t<div class=\"elementor-element elementor-element-6ddd299 e-con-full e-flex e-con e-parent\" data-id=\"6ddd299\" data-element_type=\"container\">\n\t\t<div class=\"elementor-element elementor-element-31c8b80 e-con-full e-flex e-con e-child\" data-id=\"31c8b80\" data-element_type=\"container\">\n\t\t<div class=\"elementor-element elementor-element-260f9d5 e-con-full e-flex e-con e-child\" data-id=\"260f9d5\" data-element_type=\"container\">\n\t\t\t\t<div class=\"elementor-element elementor-element-fe9d278 elementor-widget__width-initial elementor-widget elementor-widget-heading\" data-id=\"fe9d278\" data-element_type=\"widget\" data-widget_type=\"heading.default\">\n\t\t\t\t\t<h1 class=\"elementor-heading-title elementor-size-default\">TropoTherm<br><span style=\"color: #67E5CC\">Convi\u00e9rtase en inversor<\/span><\/h1>\t\t\t\t<\/div>\n\t\t\t\t<div class=\"elementor-element elementor-element-2e50673 elementor-widget__width-initial elementor-widget elementor-widget-heading\" data-id=\"2e50673\" data-element_type=\"widget\" data-widget_type=\"heading.default\">\n\t\t\t\t\t<p class=\"elementor-heading-title elementor-size-default\">Invierta en el futuro de la agricultura con cubiertas \nL\u00e1mina din\u00e1mica para invernaderos: eficiente, sostenible y rentable. \ufeffNuestros compuestos termosensibles para cubiertas de invernaderos se adaptan \nautom\u00e1ticamente a las condiciones de luz y proporciona una protecci\u00f3n solar \u00f3ptima, sin necesidad de medidas adicionales. Esto se traduce en mayores rendimientos, menor consumo de agua y un uso eficiente de todos los recursos. <\/p>\t\t\t\t<\/div>\n\t\t\t\t<div class=\"elementor-element elementor-element-eee54f6 elementor-widget elementor-widget-shortcode\" data-id=\"eee54f6\" data-element_type=\"widget\" data-widget_type=\"shortcode.default\">\n\t\t\t\t\t\t\t<div class=\"elementor-shortcode\"><style type=\"text\/css\">#nex-forms{display:none;}<\/style><div id=\"nf_form_21676\"><div id=\"nex-forms\" class=\"nex-forms kontakt_spanisch \"><div class=\"pre_fill_fields\"><\/div><div  data-backdrop=\"true\" data-open-animation=\"fadeInDown\" data-close-animation=\"fadeOutUp\" data-overlay-opacity=\"0.5\" class=\"modal  fade nex_forms_modal animated  fadeInDown v_center h_center\" style=\"background: white;border-radius: 0px;padding: 0px;border-color: #dddddd;padding-left:1% !important; padding-right:1% !important; padding-top:1% !important; padding-bottom:1% !important; width:50%;height:80% !important; margin: 0% 0%; \" id=\"nexForms_popup_7button_investor\" tabindex=\"-1\" role=\"dialog\"><span data-bs-dismiss=\"modal\" data-dismiss=\"modal\" class=\"modal-action modal-close btn-light-blue\"><i class=\"material-icons fa fa-close\"><\/i><\/span><div class=\"modal-content\" id=\"nf_form_21676\">\r\n\t\t\t\r\n\t\t\t<style type=\"text\/css\">\r\n\t\t\t\r\n\t\t\t\t#nex-forms.kontakt_spanisch .nf-loader-lds-spinner div:after {background: #40C4FF; }\r\n\t\t\t\t#nex-forms.kontakt_spanisch .nf-loader-lds-grid div {background: #40C4FF; }\r\n\t\t\t\t#nex-forms.kontakt_spanisch .nf-loader-lds-ellipsis div { background: #40C4FF;}\r\n\t\t\t\t#nex-forms.kontakt_spanisch .nf-loader-lds-default div {background: #40C4FF;}\r\n\t\t\t\t#nex-forms.kontakt_spanisch .nf-loader-lds-roller div:after {background: #40C4FF;}\r\n\t\t\t\t#nex-forms.kontakt_spanisch .nf-loader-lds-heart div,\r\n\t\t\t\t#nex-forms.kontakt_spanisch .nf-loader-lds-heart div:after,\r\n\t\t\t\t#nex-forms.kontakt_spanisch .nf-loader-lds-heart div:before {background: #40C4FF;}\r\n\t\r\n\t\t\t\t\r\n\t\t\t\t#nex-forms.kontakt_spanisch .nf-loader-lds-facebook div {background: #40C4FF;}\r\n\t\t\t\t#nex-forms.kontakt_spanisch .nf-loader-lds-circle > div {background: #40C4FF;}\r\n\t\t\t\t\r\n\t\t\t\t#nex-forms.kontakt_spanisch .nf-loader-lds-dual-ring:after {border: 6px solid #40C4FF;border-color: #40C4FF transparent #40C4FF transparent;}\r\n\t\t\t\t#nex-forms.kontakt_spanisch .nf-loader-lds-ring div {border: 8px solid #40C4FF;border-color: #40C4FF transparent transparent transparent;}\r\n\t\t\t\t#nex-forms.kontakt_spanisch .nf-loader-lds-hourglass:after {border: 32px solid #40C4FF;border-color: #40C4FF transparent #40C4FF transparent;}\r\n\t\t\t\t#nex-forms.kontakt_spanisch .nf-loader-lds-ripple div {border: 4px solid #40C4FF;}\r\n\t\t\t<\/style>\r\n\t\t\t\r\n\t\t\t\r\n\t\t\t<div id=\"nex-forms\" data-loader=\"ellipsis\" data-msg-hide-form=\"yes\" data-msg-position=\"top\" data-msg-placement=\"outside\"  class=\"nex-forms kontakt_spanisch  \"><div class=\"pre_fill_fields\"><\/div><div class=\"set_form_theme theme-default\"><div class=\"nex_success_message msg_top msgv2 animated hidden\" style=\"display:none;\"><div class=\"nex_success_message_container\" style=\"background: #fff;box-shadow: #00000033 0px 7px 16px 0px;border-radius: 4px;padding: 30px;border-color:#ddd\"><div class=\"msg_text\"><div class=\"form_field all_fields icon html_fields wow bounceInUp\" style=\"margin-bottom: 15px\" id=\"_21501\" data-animation-name=\"bounceInUp\">\n\t\t\t\t\t\t\t  <div class=\"edit_mask\"><\/div>\n\t\t\t\t\t\t\t  \n\t\t\t\t\t\t\t\t<div class=\"icon_container_wrapper icon_center\">\n\t\t\t\t\t\t\t\t  <div class=\"icon_container\" id=\"field_container\" style=\"border-width: 0px;background-color: transparent\">\n\t\t\t\t\t\t\t\t\t<div class=\"\">\n\t\t\t\t\t\t\t\t\t  <div class=\"input_container\">\n\t\t\t\t\t\t\t\t\t\t<div class=\"the_input_element icon_element\" style=\"font-size: 50px;color: #2979ff\"><span class=\"fas fa-check-circle\"><\/span><\/div>\n\t\t\t\t\t\t\t\t\t  <\/div>\n\t\t\t\t\t\t\t\t\t<\/div>\n\t\t\t\t\t\t\t\t  <\/div>\n\t\t\t\t\t\t\t\t  \n\t\t\t\t\t\t\t\t<\/div>\n\t\t\t\t\t\t\t  \n\t\t\t\t\t\t\t<\/div>\n\t\t\t\t\t\t\t<div class=\"form_field all_fields html html_fields wow fadeInDown\" style=\"margin-bottom: 15px\" data-animation-name=\"fadeInDown\" data-wow-delay=\"0.5s\" id=\"_69097\">\n\t\t\t\t\t\t\t  <div class=\"edit_mask\"><\/div>\n\t\t\t\t\t\t\t  \n\t\t\t\t\t\t\t\t<div class=\"row\">\n\t\t\t\t\t\t\t\t  <div class=\"col-sm-12\" id=\"field_container\">\n\t\t\t\t\t\t\t\t\t<div class=\"row\">\n\t\t\t\t\t\t\t\t\t  <div class=\"col-sm-12 input_container\">\n\t\t\t\t\t\t\t\t\t\t<div class=\"the_input_element align_center\" data-math-equation=\"\" data-original-math-equation=\"\" data-decimal-places=\"0\">Thank you for connecting with us. We will respond to you shortly.<\/div>\n\t\t\t\t\t\t\t\t\t\t<div style=\"clear:both\"><\/div>\n\t\t\t\t\t\t\t\t\t  <\/div>\n\t\t\t\t\t\t\t\t\t<\/div>\n\t\t\t\t\t\t\t\t  <\/div>\n\t\t\t\t\t\t\t\t  \n\t\t\t\t\t\t\t\t<\/div>\n\t\t\t\t\t\t\t  \n\t\t\t\t\t\t\t<\/div><\/div><\/div><\/div><div data-timer-start=\"1\" data-timer-end=\"0\" class=\"inner-canvas-container ui-nex-forms-container ui-nex-forms-container-fe  bootstrap\" id=\"ui-nex-forms-container-7\"  ><div class=\"current_step\" style=\"display:none;\">1<\/div><div class=\"last_visited_step\" style=\"display:none;\">1<\/div><div class=\"nex-forms-header-footer nex-forms-header timer_inline timer_right no-front-end\"><\/div><div id=\"the_plugin_url\" style=\"display:none;\">https:\/\/tropotherm.es\/wp-content\/plugins\/nex-forms-premium<\/div><div id=\"nf_save_form_progress\" style=\"display:none;\">false<\/div><div id=\"confirmation_page\" class=\"confirmation_page\" style=\"display:none;\">https:\/\/tropotherm.es\/dankesseite-e-mai<\/div><div id=\"on_form_submmision\" class=\"on_form_submmision\" style=\"display:none;\">redirect<\/div><div class=\"hidden\" id=\"nf_ajax_url\" style=\"display:none;\">https:\/\/tropotherm.es\/wp-admin\/admin-ajax.php<\/div><div class=\"hidden\" id=\"paypal_return_url\" style=\"display:none;\">https:\/\/tropotherm.es\/es\/wp-json\/wp\/v2\/pages\/4915\/<\/div><div class=\"hidden\" id=\"ms_scroll_to_top\" style=\"display:none;\">yes<\/div><div class=\"v7_container form_type_normal   \" style=\"\"><div class=\"current_field_on_focus\" style=\"display:none\">1<\/div><form id=\"7\" class=\"submit-nex-form nex-forms-7\" data-form-id=\"7\" name=\"nex_form\" action=\"https:\/\/tropotherm.es\/wp-admin\/admin-ajax.php\" method=\"post\" enctype=\"multipart\/form-data\"><div class=\"step_transition_in\" style=\"display:none;\">fadeIn<\/div><div class=\"step_transition_out\" style=\"display:none;\">fadeOut<\/div><input type=\"hidden\" name=\"nex_forms_Id\" value=\"7\"><input type=\"hidden\" name=\"page\" value=\"\/es\/wp-json\/wp\/v2\/pages\/4915\"><input type=\"hidden\" name=\"ip\" value=\"216.73.216.116\"><input type=\"hidden\" name=\"nf_page_id\" value=\"4915\"><input type=\"hidden\" name=\"nf_page_title\" value=\"Convi\u00e9rtase en inversor\"><input type=\"text\" name=\"company_url\" value=\"\" placeholder=\"enter company url\" class=\"form-control req\">\n\t\t\t\t\t\t\t<div class=\"form_field hidden\" id=\"_15147\">\n\t\t\t\t\t\t\t\t<input class=\"ms_current_step\" value=\"1\" name=\"ms_current_step\" type=\"hidden\" id=\"_15147__ms_current_step\">\n\t\t\t\t\t\t\t<\/div>\n\t\t\t\t\t\t\t<div class=\"form_field all_fields heading heading html_fields\" style=\"margin-bottom: 15px\" id=\"_13467\"><div class=\"row\"><div class=\"col-sm-12\" id=\"field_container\"><div class=\"row\"><div class=\"col-sm-12 input_container\"><input type=\"hidden\" class=\"set_math_result\" value=\"0\" name=\"math_result\" id=\"_13467__math_result\"><h1 class=\"the_input_element style_bold\" data-math-equation=\"\" data-original-math-equation=\"\" data-decimal-places=\"0\" style=\"font-size: 31px\">Formulario de contacto<\/h1><\/div><\/div><\/div><\/div><\/div><div class=\"form_field all_fields select common_fields selection_fields required\" style=\"margin-bottom: 15px;position: relative;left: 0px;top: 0px\" id=\"_81180\"><div class=\"row\"><div class=\"col-sm-12\" id=\"field_container\"><div class=\"row\"><div class=\"col-sm-12 label_container align_left\"><label class=\"nf_title \" for=\"input__81180\"><span class=\"the_label\" style=\"font-size: 13px;color: #5b5b5b\"><\/span><\/label><\/div><div class=\"col-sm-12  input_container\"><select name=\"anrede\" class=\"the_input_element error_message text pre-format form-control aling_left align_left required\" data-content=\"Required\" style=\"font-size: 18px;color: #5b5b5b;background: white;border-color: #dddddd\" data-default-selected-value=\"Saludo\" id=\"input__81180\" data-required=\"true\"><option value=\"Saludo\" selected=\"selected\">Saludo<\/option><option value=\"Mujer\">Mujer<\/option><option value=\"Se\u00f1or\">Se\u00f1or<\/option><\/select><\/div><\/div><\/div><\/div><\/div><div class=\"form_field all_fields text common_fields is_focused required\" style=\"margin-bottom: 15px\" id=\"_40521\"><div class=\"row\"><div class=\"col-sm-12\" id=\"field_container\"><div class=\"row\"><div class=\"col-sm-12 label_container align_left\"><label class=\"nf_title \" for=\"input__40521\"><span class=\"the_label\" style=\"font-size: 18px;color: #5b5b5b\"><\/span><\/label><\/div><div class=\"col-sm-12  input_container\"><input type=\"text\" name=\"_name_vorname\" class=\"form-control error_message the_input_element aling_left align_left required\" data-maxlength-color=\"label label-success\" data-maxlength-position=\"bottom\" data-maxlength-show=\"false\" data-default-value=\"\" data-onfocus-color=\"#66AFE9\" data-drop-focus-swadow=\"1\" data-placement=\"bottom\" data-content=\"Required\" data-secondary-message=\"\" title=\"\" style=\"font-size: 18px;color: #000000;background: white;border-color: #dddddd\" placeholder=\"Nombre Nombre\" id=\"input__40521\"><\/div><\/div><\/div><\/div><\/div><div class=\"form_field all_fields text common_fields is_focused required\" style=\"margin-bottom: 15px;position: relative;left: 0px;top: 0px\" id=\"_96173\"><div class=\"row\"><div class=\"col-sm-12\" id=\"field_container\"><div class=\"row\"><div class=\"col-sm-12 label_container align_left\"><label class=\"nf_title \" for=\"input__96173\"><span class=\"the_label\" style=\"font-size: 18px;color: #5b5b5b\"><\/span><\/label><\/div><div class=\"col-sm-12  input_container\"><input type=\"text\" name=\"firmenname\" class=\"form-control error_message the_input_element aling_left align_left required\" data-maxlength-color=\"label label-success\" data-maxlength-position=\"bottom\" data-maxlength-show=\"false\" data-default-value=\"\" data-onfocus-color=\"#66AFE9\" data-drop-focus-swadow=\"1\" data-placement=\"bottom\" data-content=\"Required\" data-secondary-message=\"\" title=\"\" style=\"font-size: 18px;color: #000000;background: white;border-color: #dddddd\" placeholder=\"compa\u00f1\u00eda\" id=\"input__96173\"><\/div><\/div><\/div><\/div><\/div><div class=\"form_field all_fields text common_fields is_focused required\" style=\"margin-bottom: 15px\" id=\"_23481\"><div class=\"row\"><div class=\"col-sm-12\" id=\"field_container\"><div class=\"row\"><div class=\"col-sm-12 label_container align_left\"><label class=\"nf_title \" for=\"input__23481\"><span class=\"the_label\" style=\"font-size: 18px;color: #5b5b5b\"><\/span><\/label><\/div><div class=\"col-sm-12  input_container\"><input type=\"text\" name=\"firmennanschrift\" class=\"form-control error_message the_input_element aling_left align_left required\" data-maxlength-color=\"label label-success\" data-maxlength-position=\"bottom\" data-maxlength-show=\"false\" data-default-value=\"\" data-onfocus-color=\"#66AFE9\" data-drop-focus-swadow=\"1\" data-placement=\"bottom\" data-content=\"Required\" data-secondary-message=\"\" title=\"\" style=\"font-size: 18px;color: #000000;background: white;border-color: #dddddd\" placeholder=\"direcci\u00f3n de la empresa\" id=\"input__23481\"><\/div><\/div><\/div><\/div><\/div><div class=\"form_field all_fields text common_fields is_focused required\" style=\"margin-bottom: 15px;position: relative;left: 0px;top: 0px\" id=\"_19951\"><div class=\"row\"><div class=\"col-sm-12\" id=\"field_container\"><div class=\"row\"><div class=\"col-sm-12 label_container align_left\"><label class=\"nf_title \" for=\"input__19951\"><span class=\"the_label\" style=\"font-size: 18px;color: #5b5b5b\"><\/span><\/label><\/div><div class=\"col-sm-12  input_container\"><input type=\"text\" name=\"website\" class=\"form-control error_message the_input_element aling_left align_left required\" data-maxlength-color=\"label label-success\" data-maxlength-position=\"bottom\" data-maxlength-show=\"false\" data-default-value=\"\" data-onfocus-color=\"#66AFE9\" data-drop-focus-swadow=\"1\" data-placement=\"bottom\" data-content=\"Required\" data-secondary-message=\"\" title=\"\" style=\"font-size: 18px;color: #000000;background: white;border-color: #dddddd\" placeholder=\"Website\" id=\"input__19951\"><\/div><\/div><\/div><\/div><\/div><div class=\"form_field all_fields text common_fields is_focused required email\" style=\"margin-bottom: 15px\" id=\"_56625\"><div class=\"row\"><div class=\"col-sm-12\" id=\"field_container\"><div class=\"row\"><div class=\"col-sm-12 label_container align_left\"><label class=\"nf_title \" for=\"input__56625\"><span class=\"the_label\" style=\"font-size: 18px;color: #5b5b5b\"><\/span><\/label><\/div><div class=\"col-sm-12  input_container\"><input type=\"text\" name=\"email\" class=\"form-control error_message the_input_element aling_left align_left required email\" data-maxlength-color=\"label label-success\" data-maxlength-position=\"bottom\" data-maxlength-show=\"false\" data-default-value=\"\" data-onfocus-color=\"#66AFE9\" data-drop-focus-swadow=\"1\" data-placement=\"bottom\" data-content=\"Required\" data-secondary-message=\"Invalid e-mail format\" title=\"\" style=\"font-size: 18px;color: #000000;background: white;border-color: #dddddd\" placeholder=\"E-Mail\" id=\"input__56625\"><\/div><\/div><\/div><\/div><\/div><div class=\"form_field all_fields textarea common_fields is_focused required field-target\" style=\"margin-bottom: 15px\" id=\"_74325\"><div class=\"row\"><div class=\"col-sm-12\" id=\"field_container\"><div class=\"row\"><div class=\"col-sm-12 label_container align_left\"><label class=\"nf_title \" for=\"input__74325\"><span class=\"the_label\" style=\"font-size: 13px;color: #5b5b5b\"><\/span><\/label><\/div><div class=\"col-sm-12  input_container\"><textarea name=\"freitext_zur_email\" placeholder=\"Texto a correo electr\u00f3nico\" data-maxlength-color=\"label label-success\" data-maxlength-position=\"bottom\" data-maxlength-show=\"false\" data-default-value=\"\" class=\"error_message the_input_element textarea pre-format form-control aling_left align_left required\" data-onfocus-color=\"#66AFE9\" data-drop-focus-swadow=\"1\" data-placement=\"bottom\" data-content=\"Required\" title=\"\" style=\"font-size: 18px;color: #000000;background: white;border-color: #dddddd;height: 178px\" id=\"input__74325\"><\/textarea><\/div><\/div><\/div><\/div><\/div><div class=\"form_field all_fields check-group common_fields selection_fields radio-group\" style=\"margin-bottom: 15px\" id=\"_21201\"><div class=\"row\"><div class=\"col-sm-12\" id=\"field_container\"><div class=\"row\"><div class=\"col-sm-12 label_container align_left\"><label class=\"nf_title \"><span class=\"the_label style_bold\" style=\"font-size: 18px;color: #5b5b5b\">Protecci\u00f3n de datos<\/span><\/label><\/div><div class=\"input_holder radio-group\"><div class=\"col-sm-12 the-radios input_container error_message\" id=\"the-radios\" data-checked-color=\"alert-success\" data-checked-class=\"fa-check\" data-unchecked-class=\"\" data-placement=\"bottom\" data-content=\"Required\" data-secondary-message=\"Minimum of {x} selections required\" title=\"\" data-checked-bg-color=\"#8fce00\"><div class=\"input-inner\"><label class=\"checkbox-inline radio-inline\" for=\"__7__21201_protecci\u00f3n_de_datos[]_Acepto el almacenamiento con fines de procesamiento y he le\u00eddo y acepto la pol\u00edtica de privacidad._acepto_el_almacenamiento_con_fines_de_procesamiento_y_he_le\u00eddo_y_acepto_la_pol\u00edtica_de_privacidad\"><span class=\"has-pretty-child\"><div class=\"clearfix prettycheckbox labelright blue has-pretty-child\"><input class=\"check the_input_element\" type=\"checkbox\" name=\"protecci\u00f3n_de_datos[]\" id=\"__7__21201_protecci\u00f3n_de_datos[]_Acepto el almacenamiento con fines de procesamiento y he le\u00eddo y acepto la pol\u00edtica de privacidad._acepto_el_almacenamiento_con_fines_de_procesamiento_y_he_le\u00eddo_y_acepto_la_pol\u00edtica_de_privacidad\" value=\"Acepto el almacenamiento con fines de procesamiento y he le\u00eddo y acepto la pol\u00edtica de privacidad.\" style=\"display: none\"><a class=\"fa ui-state-default\" rel=\"nofollow\" href=\"#\">.<\/a><\/div><span class=\"input-label check-label\" style=\"color: #5b5b5b\">Acepto el almacenamiento con fines de procesamiento y he le\u00eddo y acepto la pol\u00edtica de privacidad.<\/span><\/span><\/label><\/div><\/div><\/div><\/div><\/div><\/div><\/div><div class=\"form_field all_fields submit-button the_submit button_fields common_fields preset_fields special_fields selection_fields\" style=\"margin-bottom: 15px;position: relative;top: 0px\" id=\"_45527\"><div class=\"row\"><div class=\"col-sm-12\" id=\"field_container\"><div class=\"row\"><div class=\"col-sm-12  input_container\"><button class=\"nex-submit svg_ready the_input_element btn btn-default\" data-ga=\"\" style=\"font-size: 18px;background-color: #67e5cc;color: #ffffff;border-width: 0px\">Entregar<\/button><\/div><\/div><\/div><\/div><\/div><\/form><\/div><\/div><\/div><\/div><\/div><\/div><\/div><\/div><style type=\"text\/css\" class=\"nex-forms-custom-css\"><\/style><\/div>\n\t\t\t\t\t\t<\/div>\n\t\t\t\t<\/div>\n\t\t<div class=\"elementor-element elementor-element-ed5cd44 e-con-full e-flex e-con e-child\" data-id=\"ed5cd44\" data-element_type=\"container\">\n\t\t\t\t<\/div>\n\t\t\t\t<\/div>\n\t\t\t\t<\/div>\n\t\t<div class=\"elementor-element elementor-element-59ffef37 e-flex e-con-boxed e-con e-parent\" data-id=\"59ffef37\" data-element_type=\"container\" data-settings=\"{&quot;background_background&quot;:&quot;classic&quot;}\">\n\t\t\t\t\t<div class=\"e-con-inner\">\n\t\t\t\t<div class=\"elementor-element elementor-element-9b5ae8e elementor-widget__width-initial elementor-widget elementor-widget-heading\" data-id=\"9b5ae8e\" data-element_type=\"widget\" data-widget_type=\"heading.default\">\n\t\t\t\t\t<h1 class=\"elementor-heading-title elementor-size-default\">Sus ventajas <span style=\"color: #67E5CC\">como inversor<\/span> <\/h1>\t\t\t\t<\/div>\n\t\t\t\t<div class=\"elementor-element elementor-element-748f71a elementor-widget__width-initial elementor-widget elementor-widget-heading\" data-id=\"748f71a\" data-element_type=\"widget\" data-widget_type=\"heading.default\">\n\t\t\t\t\t<p class=\"elementor-heading-title elementor-size-default\">Con su apoyo, podemos revolucionar la agricultura: de forma rentable, sostenible y orientada al futuro.<\/p>\t\t\t\t<\/div>\n\t\t\t\t<div class=\"elementor-element elementor-element-e7f81dc elementor-widget__width-initial elementor-icon-list--layout-traditional elementor-list-item-link-full_width elementor-widget elementor-widget-icon-list\" data-id=\"e7f81dc\" data-element_type=\"widget\" data-widget_type=\"icon-list.default\">\n\t\t\t\t\t\t\t<ul class=\"elementor-icon-list-items\">\n\t\t\t\t\t\t\t<li class=\"elementor-icon-list-item\">\n\t\t\t\t\t\t\t\t\t\t\t<span class=\"elementor-icon-list-icon\">\n\t\t\t\t\t\t\t<svg aria-hidden=\"true\" class=\"e-font-icon-svg e-fas-plus\" viewBox=\"0 0 448 512\" xmlns=\"http:\/\/www.w3.org\/2000\/svg\"><path d=\"M416 208H272V64c0-17.67-14.33-32-32-32h-32c-17.67 0-32 14.33-32 32v144H32c-17.67 0-32 14.33-32 32v32c0 17.67 14.33 32 32 32h144v144c0 17.67 14.33 32 32 32h32c17.67 0 32-14.33 32-32V304h144c17.67 0 32-14.33 32-32v-32c0-17.67-14.33-32-32-32z\"><\/path><\/svg>\t\t\t\t\t\t<\/span>\n\t\t\t\t\t\t\t\t\t\t<span class=\"elementor-icon-list-text\">Liderazgo en innovaci\u00f3n: Un producto \u00fanico en el creciente mercado mercado agroalimentario<\/span>\n\t\t\t\t\t\t\t\t\t<\/li>\n\t\t\t\t\t\t\t\t<li class=\"elementor-icon-list-item\">\n\t\t\t\t\t\t\t\t\t\t\t<span class=\"elementor-icon-list-icon\">\n\t\t\t\t\t\t\t<svg aria-hidden=\"true\" class=\"e-font-icon-svg e-fas-plus\" viewBox=\"0 0 448 512\" xmlns=\"http:\/\/www.w3.org\/2000\/svg\"><path d=\"M416 208H272V64c0-17.67-14.33-32-32-32h-32c-17.67 0-32 14.33-32 32v144H32c-17.67 0-32 14.33-32 32v32c0 17.67 14.33 32 32 32h144v144c0 17.67 14.33 32 32 32h32c17.67 0 32-14.33 32-32V304h144c17.67 0 32-14.33 32-32v-32c0-17.67-14.33-32-32-32z\"><\/path><\/svg>\t\t\t\t\t\t<\/span>\n\t\t\t\t\t\t\t\t\t\t<span class=\"elementor-icon-list-text\">Sostenibilidad y eficiencia: Menor consumo de agua al eliminar el encalado, menos energ\u00eda, mayor rendimiento.<\/span>\n\t\t\t\t\t\t\t\t\t<\/li>\n\t\t\t\t\t\t\t\t<li class=\"elementor-icon-list-item\">\n\t\t\t\t\t\t\t\t\t\t\t<span class=\"elementor-icon-list-icon\">\n\t\t\t\t\t\t\t<svg aria-hidden=\"true\" class=\"e-font-icon-svg e-fas-plus\" viewBox=\"0 0 448 512\" xmlns=\"http:\/\/www.w3.org\/2000\/svg\"><path d=\"M416 208H272V64c0-17.67-14.33-32-32-32h-32c-17.67 0-32 14.33-32 32v144H32c-17.67 0-32 14.33-32 32v32c0 17.67 14.33 32 32 32h144v144c0 17.67 14.33 32 32 32h32c17.67 0 32-14.33 32-32V304h144c17.67 0 32-14.33 32-32v-32c0-17.67-14.33-32-32-32z\"><\/path><\/svg>\t\t\t\t\t\t<\/span>\n\t\t\t\t\t\t\t\t\t\t<span class=\"elementor-icon-list-text\">Potencial de mercado: Soluci\u00f3n escalable para explotaciones de invernaderos en todo el mundo.<\/span>\n\t\t\t\t\t\t\t\t\t<\/li>\n\t\t\t\t\t\t\t\t<li class=\"elementor-icon-list-item\">\n\t\t\t\t\t\t\t\t\t\t\t<span class=\"elementor-icon-list-icon\">\n\t\t\t\t\t\t\t<svg aria-hidden=\"true\" class=\"e-font-icon-svg e-fas-plus\" viewBox=\"0 0 448 512\" xmlns=\"http:\/\/www.w3.org\/2000\/svg\"><path d=\"M416 208H272V64c0-17.67-14.33-32-32-32h-32c-17.67 0-32 14.33-32 32v144H32c-17.67 0-32 14.33-32 32v32c0 17.67 14.33 32 32 32h144v144c0 17.67 14.33 32 32 32h32c17.67 0 32-14.33 32-32V304h144c17.67 0 32-14.33 32-32v-32c0-17.67-14.33-32-32-32z\"><\/path><\/svg>\t\t\t\t\t\t<\/span>\n\t\t\t\t\t\t\t\t\t\t<span class=\"elementor-icon-list-text\">Colaboraci\u00f3n transparente: Apostamos por una comunicaci\u00f3n basada en la colaboraci\u00f3n y una r\u00e1pida implementaci\u00f3n.<\/span>\n\t\t\t\t\t\t\t\t\t<\/li>\n\t\t\t\t\t\t<\/ul>\n\t\t\t\t\t\t<\/div>\n\t\t\t\t\t<\/div>\n\t\t\t\t<\/div>\n\t\t\t\t<\/div>\n\t\t","protected":false},"excerpt":{"rendered":"<p>TropoThermConvi\u00e9rtase en inversor Invierta en el futuro de la agricultura con cubiertas L\u00e1mina din\u00e1mica para invernaderos: eficiente, sostenible y rentable. \ufeffNuestros compuestos termosensibles para cubiertas de<span class=\"excerpt-hellip\"> [\u2026]<\/span><\/p>\n","protected":false},"author":1,"featured_media":0,"parent":0,"menu_order":0,"comment_status":"open","ping_status":"closed","template":"","meta":{"footnotes":""},"class_list":["post-4915","page","type-page","status-publish","hentry"],"_links":{"self":[{"href":"https:\/\/tropotherm.es\/es\/wp-json\/wp\/v2\/pages\/4915","targetHints":{"allow":["GET"]}}],"collection":[{"href":"https:\/\/tropotherm.es\/es\/wp-json\/wp\/v2\/pages"}],"about":[{"href":"https:\/\/tropotherm.es\/es\/wp-json\/wp\/v2\/types\/page"}],"author":[{"embeddable":true,"href":"https:\/\/tropotherm.es\/es\/wp-json\/wp\/v2\/users\/1"}],"replies":[{"embeddable":true,"href":"https:\/\/tropotherm.es\/es\/wp-json\/wp\/v2\/comments?post=4915"}],"version-history":[{"count":25,"href":"https:\/\/tropotherm.es\/es\/wp-json\/wp\/v2\/pages\/4915\/revisions"}],"predecessor-version":[{"id":5816,"href":"https:\/\/tropotherm.es\/es\/wp-json\/wp\/v2\/pages\/4915\/revisions\/5816"}],"wp:attachment":[{"href":"https:\/\/tropotherm.es\/es\/wp-json\/wp\/v2\/media?parent=4915"}],"curies":[{"name":"wp","href":"https:\/\/api.w.org\/{rel}","templated":true}]}}