{"id":4925,"date":"2025-10-05T15:42:40","date_gmt":"2025-10-05T13:42:40","guid":{"rendered":"https:\/\/tropotherm.es\/contacto\/"},"modified":"2025-10-29T14:27:26","modified_gmt":"2025-10-29T13:27:26","slug":"contacto","status":"publish","type":"page","link":"https:\/\/tropotherm.es\/es\/contacto\/","title":{"rendered":"Contacto"},"content":{"rendered":"\t\t<div data-elementor-type=\"wp-page\" data-elementor-id=\"4925\" class=\"elementor elementor-4925 elementor-2547\" data-elementor-post-type=\"page\">\n\t\t\t\t<div class=\"elementor-element elementor-element-18604ac e-flex e-con-boxed e-con e-parent\" data-id=\"18604ac\" data-element_type=\"container\" data-settings=\"{&quot;background_background&quot;:&quot;classic&quot;}\">\n\t\t\t\t\t<div class=\"e-con-inner\">\n\t\t<div class=\"elementor-element elementor-element-bb46436 e-con-full e-flex e-con e-child\" data-id=\"bb46436\" data-element_type=\"container\">\n\t\t\t\t<div class=\"elementor-element elementor-element-bff709a elementor-widget__width-initial elementor-widget elementor-widget-heading\" data-id=\"bff709a\" data-element_type=\"widget\" data-widget_type=\"heading.default\">\n\t\t\t\t\t<h1 class=\"elementor-heading-title elementor-size-default\">TropoTherm<br><span style=\"color: #67E5CC\">Contacto<\/span><\/h1>\t\t\t\t<\/div>\n\t\t\t\t<div class=\"elementor-element elementor-element-ced8e90 elementor-widget__width-initial elementor-widget elementor-widget-heading\" data-id=\"ced8e90\" data-element_type=\"widget\" data-widget_type=\"heading.default\">\n\t\t\t\t\t<p class=\"elementor-heading-title elementor-size-default\">P\u00f3ngase en contacto con nosotros. \u00a1Nos encantan las buenas conversaciones y las nuevas ideas!\nTanto si desea iniciar un proyecto como si simplemente quiere saludar, esperamos tener noticias suyas.<\/p>\t\t\t\t<\/div>\n\t\t\t\t<\/div>\n\t\t<div class=\"elementor-element elementor-element-b786479 e-con-full e-flex e-con e-child\" data-id=\"b786479\" data-element_type=\"container\">\n\t\t\t\t<\/div>\n\t\t\t\t\t<\/div>\n\t\t\t\t<\/div>\n\t\t<div class=\"elementor-element elementor-element-2597302 e-con-full e-flex e-con e-parent\" data-id=\"2597302\" data-element_type=\"container\">\n\t\t<div class=\"elementor-element elementor-element-31ca106 e-con-full e-flex e-con e-child\" data-id=\"31ca106\" data-element_type=\"container\">\n\t\t\t\t<div class=\"elementor-element elementor-element-065b4e1 elementor-widget-mobile__width-initial elementor-widget elementor-widget-shortcode\" data-id=\"065b4e1\" data-element_type=\"widget\" data-widget_type=\"shortcode.default\">\n\t\t\t\t\t\t\t<div class=\"elementor-shortcode\"><style type=\"text\/css\">#nex-forms{display:none;}<\/style><div id=\"nf_form_82119\">\r\n\t\t\t\r\n\t\t\t<style type=\"text\/css\">\r\n\t\t\t\r\n\t\t\t\t#nex-forms.kontakt_spanisch .nf-loader-lds-spinner div:after {background: #40C4FF; }\r\n\t\t\t\t#nex-forms.kontakt_spanisch .nf-loader-lds-grid div {background: #40C4FF; }\r\n\t\t\t\t#nex-forms.kontakt_spanisch .nf-loader-lds-ellipsis div { background: #40C4FF;}\r\n\t\t\t\t#nex-forms.kontakt_spanisch .nf-loader-lds-default div {background: #40C4FF;}\r\n\t\t\t\t#nex-forms.kontakt_spanisch .nf-loader-lds-roller div:after {background: #40C4FF;}\r\n\t\t\t\t#nex-forms.kontakt_spanisch .nf-loader-lds-heart div,\r\n\t\t\t\t#nex-forms.kontakt_spanisch .nf-loader-lds-heart div:after,\r\n\t\t\t\t#nex-forms.kontakt_spanisch .nf-loader-lds-heart div:before {background: #40C4FF;}\r\n\t\r\n\t\t\t\t\r\n\t\t\t\t#nex-forms.kontakt_spanisch .nf-loader-lds-facebook div {background: #40C4FF;}\r\n\t\t\t\t#nex-forms.kontakt_spanisch .nf-loader-lds-circle > div {background: #40C4FF;}\r\n\t\t\t\t\r\n\t\t\t\t#nex-forms.kontakt_spanisch .nf-loader-lds-dual-ring:after {border: 6px solid #40C4FF;border-color: #40C4FF transparent #40C4FF transparent;}\r\n\t\t\t\t#nex-forms.kontakt_spanisch .nf-loader-lds-ring div {border: 8px solid #40C4FF;border-color: #40C4FF transparent transparent transparent;}\r\n\t\t\t\t#nex-forms.kontakt_spanisch .nf-loader-lds-hourglass:after {border: 32px solid #40C4FF;border-color: #40C4FF transparent #40C4FF transparent;}\r\n\t\t\t\t#nex-forms.kontakt_spanisch .nf-loader-lds-ripple div {border: 4px solid #40C4FF;}\r\n\t\t\t<\/style>\r\n\t\t\t\r\n\t\t\t\r\n\t\t\t<div id=\"nex-forms\" data-loader=\"ellipsis\" data-msg-hide-form=\"yes\" data-msg-position=\"top\" data-msg-placement=\"outside\"  class=\"nex-forms kontakt_spanisch  \"><div class=\"pre_fill_fields\"><\/div><div class=\"set_form_theme theme-default\"><div class=\"nex_success_message msg_top msgv2 animated hidden\" style=\"display:none;\"><div class=\"nex_success_message_container\" style=\"background: #fff;box-shadow: #00000033 0px 7px 16px 0px;border-radius: 4px;padding: 30px;border-color:#ddd\"><div class=\"msg_text\"><div class=\"form_field all_fields icon html_fields wow bounceInUp\" style=\"margin-bottom: 15px\" id=\"_21501\" data-animation-name=\"bounceInUp\">\n\t\t\t\t\t\t\t  <div class=\"edit_mask\"><\/div>\n\t\t\t\t\t\t\t  \n\t\t\t\t\t\t\t\t<div class=\"icon_container_wrapper icon_center\">\n\t\t\t\t\t\t\t\t  <div class=\"icon_container\" id=\"field_container\" style=\"border-width: 0px;background-color: transparent\">\n\t\t\t\t\t\t\t\t\t<div class=\"\">\n\t\t\t\t\t\t\t\t\t  <div class=\"input_container\">\n\t\t\t\t\t\t\t\t\t\t<div class=\"the_input_element icon_element\" style=\"font-size: 50px;color: #2979ff\"><span class=\"fas fa-check-circle\"><\/span><\/div>\n\t\t\t\t\t\t\t\t\t  <\/div>\n\t\t\t\t\t\t\t\t\t<\/div>\n\t\t\t\t\t\t\t\t  <\/div>\n\t\t\t\t\t\t\t\t  \n\t\t\t\t\t\t\t\t<\/div>\n\t\t\t\t\t\t\t  \n\t\t\t\t\t\t\t<\/div>\n\t\t\t\t\t\t\t<div class=\"form_field all_fields html html_fields wow fadeInDown\" style=\"margin-bottom: 15px\" data-animation-name=\"fadeInDown\" data-wow-delay=\"0.5s\" id=\"_69097\">\n\t\t\t\t\t\t\t  <div class=\"edit_mask\"><\/div>\n\t\t\t\t\t\t\t  \n\t\t\t\t\t\t\t\t<div class=\"row\">\n\t\t\t\t\t\t\t\t  <div class=\"col-sm-12\" id=\"field_container\">\n\t\t\t\t\t\t\t\t\t<div class=\"row\">\n\t\t\t\t\t\t\t\t\t  <div class=\"col-sm-12 input_container\">\n\t\t\t\t\t\t\t\t\t\t<div class=\"the_input_element align_center\" data-math-equation=\"\" data-original-math-equation=\"\" data-decimal-places=\"0\">Thank you for connecting with us. We will respond to you shortly.<\/div>\n\t\t\t\t\t\t\t\t\t\t<div style=\"clear:both\"><\/div>\n\t\t\t\t\t\t\t\t\t  <\/div>\n\t\t\t\t\t\t\t\t\t<\/div>\n\t\t\t\t\t\t\t\t  <\/div>\n\t\t\t\t\t\t\t\t  \n\t\t\t\t\t\t\t\t<\/div>\n\t\t\t\t\t\t\t  \n\t\t\t\t\t\t\t<\/div><\/div><\/div><\/div><div data-timer-start=\"1\" data-timer-end=\"0\" class=\"inner-canvas-container ui-nex-forms-container ui-nex-forms-container-fe  bootstrap\" id=\"ui-nex-forms-container-7\"  ><div class=\"current_step\" style=\"display:none;\">1<\/div><div class=\"last_visited_step\" style=\"display:none;\">1<\/div><div class=\"nex-forms-header-footer nex-forms-header timer_inline timer_right no-front-end\"><\/div><div id=\"the_plugin_url\" style=\"display:none;\">https:\/\/tropotherm.es\/wp-content\/plugins\/nex-forms-premium<\/div><div id=\"nf_save_form_progress\" style=\"display:none;\">false<\/div><div id=\"confirmation_page\" class=\"confirmation_page\" style=\"display:none;\">https:\/\/tropotherm.es\/dankesseite-e-mai<\/div><div id=\"on_form_submmision\" class=\"on_form_submmision\" style=\"display:none;\">redirect<\/div><div class=\"hidden\" id=\"nf_ajax_url\" style=\"display:none;\">https:\/\/tropotherm.es\/wp-admin\/admin-ajax.php<\/div><div class=\"hidden\" id=\"paypal_return_url\" style=\"display:none;\">https:\/\/tropotherm.es\/es\/wp-json\/wp\/v2\/pages\/4925\/<\/div><div class=\"hidden\" id=\"ms_scroll_to_top\" style=\"display:none;\">yes<\/div><div class=\"v7_container form_type_normal   \" style=\"background: white;border-radius: 0px;padding: 0px;border-color: #dddddd\"><div class=\"current_field_on_focus\" style=\"display:none\">1<\/div><form id=\"7\" class=\"submit-nex-form nex-forms-7\" data-form-id=\"7\" name=\"nex_form\" action=\"https:\/\/tropotherm.es\/wp-admin\/admin-ajax.php\" method=\"post\" enctype=\"multipart\/form-data\"><div class=\"step_transition_in\" style=\"display:none;\">fadeIn<\/div><div class=\"step_transition_out\" style=\"display:none;\">fadeOut<\/div><input type=\"hidden\" name=\"nex_forms_Id\" value=\"7\"><input type=\"hidden\" name=\"page\" value=\"\/es\/wp-json\/wp\/v2\/pages\/4925\"><input type=\"hidden\" name=\"ip\" value=\"216.73.216.116\"><input type=\"hidden\" name=\"nf_page_id\" value=\"4925\"><input type=\"hidden\" name=\"nf_page_title\" value=\"Contacto\"><input type=\"text\" name=\"company_url\" value=\"\" placeholder=\"enter company url\" class=\"form-control req\">\n\t\t\t\t\t\t\t<div class=\"form_field hidden\" id=\"_15147\">\n\t\t\t\t\t\t\t\t<input class=\"ms_current_step\" value=\"1\" name=\"ms_current_step\" type=\"hidden\" id=\"_15147__ms_current_step\">\n\t\t\t\t\t\t\t<\/div>\n\t\t\t\t\t\t\t<div class=\"form_field all_fields heading heading html_fields\" style=\"margin-bottom: 15px\" id=\"_13467\"><div class=\"row\"><div class=\"col-sm-12\" id=\"field_container\"><div class=\"row\"><div class=\"col-sm-12 input_container\"><input type=\"hidden\" class=\"set_math_result\" value=\"0\" name=\"math_result\" id=\"_13467__math_result\"><h1 class=\"the_input_element style_bold\" data-math-equation=\"\" data-original-math-equation=\"\" data-decimal-places=\"0\" style=\"font-size: 31px\">Formulario de contacto<\/h1><\/div><\/div><\/div><\/div><\/div><div class=\"form_field all_fields select common_fields selection_fields required\" style=\"margin-bottom: 15px;position: relative;left: 0px;top: 0px\" id=\"_81180\"><div class=\"row\"><div class=\"col-sm-12\" id=\"field_container\"><div class=\"row\"><div class=\"col-sm-12 label_container align_left\"><label class=\"nf_title \" for=\"input__81180\"><span class=\"the_label\" style=\"font-size: 13px;color: #5b5b5b\"><\/span><\/label><\/div><div class=\"col-sm-12  input_container\"><select name=\"anrede\" class=\"the_input_element error_message text pre-format form-control aling_left align_left required\" data-content=\"Required\" style=\"font-size: 18px;color: #5b5b5b;background: white;border-color: #dddddd\" data-default-selected-value=\"Saludo\" id=\"input__81180\" data-required=\"true\"><option value=\"Saludo\" selected=\"selected\">Saludo<\/option><option value=\"Mujer\">Mujer<\/option><option value=\"Se\u00f1or\">Se\u00f1or<\/option><\/select><\/div><\/div><\/div><\/div><\/div><div class=\"form_field all_fields text common_fields is_focused required\" style=\"margin-bottom: 15px\" id=\"_40521\"><div class=\"row\"><div class=\"col-sm-12\" id=\"field_container\"><div class=\"row\"><div class=\"col-sm-12 label_container align_left\"><label class=\"nf_title \" for=\"input__40521\"><span class=\"the_label\" style=\"font-size: 18px;color: #5b5b5b\"><\/span><\/label><\/div><div class=\"col-sm-12  input_container\"><input type=\"text\" name=\"_name_vorname\" class=\"form-control error_message the_input_element aling_left align_left required\" data-maxlength-color=\"label label-success\" data-maxlength-position=\"bottom\" data-maxlength-show=\"false\" data-default-value=\"\" data-onfocus-color=\"#66AFE9\" data-drop-focus-swadow=\"1\" data-placement=\"bottom\" data-content=\"Required\" data-secondary-message=\"\" title=\"\" style=\"font-size: 18px;color: #000000;background: white;border-color: #dddddd\" placeholder=\"Nombre Nombre\" id=\"input__40521\"><\/div><\/div><\/div><\/div><\/div><div class=\"form_field all_fields text common_fields is_focused required\" style=\"margin-bottom: 15px;position: relative;left: 0px;top: 0px\" id=\"_96173\"><div class=\"row\"><div class=\"col-sm-12\" id=\"field_container\"><div class=\"row\"><div class=\"col-sm-12 label_container align_left\"><label class=\"nf_title \" for=\"input__96173\"><span class=\"the_label\" style=\"font-size: 18px;color: #5b5b5b\"><\/span><\/label><\/div><div class=\"col-sm-12  input_container\"><input type=\"text\" name=\"firmenname\" class=\"form-control error_message the_input_element aling_left align_left required\" data-maxlength-color=\"label label-success\" data-maxlength-position=\"bottom\" data-maxlength-show=\"false\" data-default-value=\"\" data-onfocus-color=\"#66AFE9\" data-drop-focus-swadow=\"1\" data-placement=\"bottom\" data-content=\"Required\" data-secondary-message=\"\" title=\"\" style=\"font-size: 18px;color: #000000;background: white;border-color: #dddddd\" placeholder=\"compa\u00f1\u00eda\" id=\"input__96173\"><\/div><\/div><\/div><\/div><\/div><div class=\"form_field all_fields text common_fields is_focused required\" style=\"margin-bottom: 15px\" id=\"_23481\"><div class=\"row\"><div class=\"col-sm-12\" id=\"field_container\"><div class=\"row\"><div class=\"col-sm-12 label_container align_left\"><label class=\"nf_title \" for=\"input__23481\"><span class=\"the_label\" style=\"font-size: 18px;color: #5b5b5b\"><\/span><\/label><\/div><div class=\"col-sm-12  input_container\"><input type=\"text\" name=\"firmennanschrift\" class=\"form-control error_message the_input_element aling_left align_left required\" data-maxlength-color=\"label label-success\" data-maxlength-position=\"bottom\" data-maxlength-show=\"false\" data-default-value=\"\" data-onfocus-color=\"#66AFE9\" data-drop-focus-swadow=\"1\" data-placement=\"bottom\" data-content=\"Required\" data-secondary-message=\"\" title=\"\" style=\"font-size: 18px;color: #000000;background: white;border-color: #dddddd\" placeholder=\"direcci\u00f3n de la empresa\" id=\"input__23481\"><\/div><\/div><\/div><\/div><\/div><div class=\"form_field all_fields text common_fields is_focused required\" style=\"margin-bottom: 15px;position: relative;left: 0px;top: 0px\" id=\"_19951\"><div class=\"row\"><div class=\"col-sm-12\" id=\"field_container\"><div class=\"row\"><div class=\"col-sm-12 label_container align_left\"><label class=\"nf_title \" for=\"input__19951\"><span class=\"the_label\" style=\"font-size: 18px;color: #5b5b5b\"><\/span><\/label><\/div><div class=\"col-sm-12  input_container\"><input type=\"text\" name=\"website\" class=\"form-control error_message the_input_element aling_left align_left required\" data-maxlength-color=\"label label-success\" data-maxlength-position=\"bottom\" data-maxlength-show=\"false\" data-default-value=\"\" data-onfocus-color=\"#66AFE9\" data-drop-focus-swadow=\"1\" data-placement=\"bottom\" data-content=\"Required\" data-secondary-message=\"\" title=\"\" style=\"font-size: 18px;color: #000000;background: white;border-color: #dddddd\" placeholder=\"Website\" id=\"input__19951\"><\/div><\/div><\/div><\/div><\/div><div class=\"form_field all_fields text common_fields is_focused required email\" style=\"margin-bottom: 15px\" id=\"_56625\"><div class=\"row\"><div class=\"col-sm-12\" id=\"field_container\"><div class=\"row\"><div class=\"col-sm-12 label_container align_left\"><label class=\"nf_title \" for=\"input__56625\"><span class=\"the_label\" style=\"font-size: 18px;color: #5b5b5b\"><\/span><\/label><\/div><div class=\"col-sm-12  input_container\"><input type=\"text\" name=\"email\" class=\"form-control error_message the_input_element aling_left align_left required email\" data-maxlength-color=\"label label-success\" data-maxlength-position=\"bottom\" data-maxlength-show=\"false\" data-default-value=\"\" data-onfocus-color=\"#66AFE9\" data-drop-focus-swadow=\"1\" data-placement=\"bottom\" data-content=\"Required\" data-secondary-message=\"Invalid e-mail format\" title=\"\" style=\"font-size: 18px;color: #000000;background: white;border-color: #dddddd\" placeholder=\"E-Mail\" id=\"input__56625\"><\/div><\/div><\/div><\/div><\/div><div class=\"form_field all_fields textarea common_fields is_focused required field-target\" style=\"margin-bottom: 15px\" id=\"_74325\"><div class=\"row\"><div class=\"col-sm-12\" id=\"field_container\"><div class=\"row\"><div class=\"col-sm-12 label_container align_left\"><label class=\"nf_title \" for=\"input__74325\"><span class=\"the_label\" style=\"font-size: 13px;color: #5b5b5b\"><\/span><\/label><\/div><div class=\"col-sm-12  input_container\"><textarea name=\"freitext_zur_email\" placeholder=\"Texto a correo electr\u00f3nico\" data-maxlength-color=\"label label-success\" data-maxlength-position=\"bottom\" data-maxlength-show=\"false\" data-default-value=\"\" class=\"error_message the_input_element textarea pre-format form-control aling_left align_left required\" data-onfocus-color=\"#66AFE9\" data-drop-focus-swadow=\"1\" data-placement=\"bottom\" data-content=\"Required\" title=\"\" style=\"font-size: 18px;color: #000000;background: white;border-color: #dddddd;height: 178px\" id=\"input__74325\"><\/textarea><\/div><\/div><\/div><\/div><\/div><div class=\"form_field all_fields check-group common_fields selection_fields radio-group\" style=\"margin-bottom: 15px\" id=\"_21201\"><div class=\"row\"><div class=\"col-sm-12\" id=\"field_container\"><div class=\"row\"><div class=\"col-sm-12 label_container align_left\"><label class=\"nf_title \"><span class=\"the_label style_bold\" style=\"font-size: 18px;color: #5b5b5b\">Protecci\u00f3n de datos<\/span><\/label><\/div><div class=\"input_holder radio-group\"><div class=\"col-sm-12 the-radios input_container error_message\" id=\"the-radios\" data-checked-color=\"alert-success\" data-checked-class=\"fa-check\" data-unchecked-class=\"\" data-placement=\"bottom\" data-content=\"Required\" data-secondary-message=\"Minimum of {x} selections required\" title=\"\" data-checked-bg-color=\"#8fce00\"><div class=\"input-inner\"><label class=\"checkbox-inline radio-inline\" for=\"__7__21201_protecci\u00f3n_de_datos[]_Acepto el almacenamiento con fines de procesamiento y he le\u00eddo y acepto la pol\u00edtica de privacidad._acepto_el_almacenamiento_con_fines_de_procesamiento_y_he_le\u00eddo_y_acepto_la_pol\u00edtica_de_privacidad\"><span class=\"has-pretty-child\"><div class=\"clearfix prettycheckbox labelright blue has-pretty-child\"><input class=\"check the_input_element\" type=\"checkbox\" name=\"protecci\u00f3n_de_datos[]\" id=\"__7__21201_protecci\u00f3n_de_datos[]_Acepto el almacenamiento con fines de procesamiento y he le\u00eddo y acepto la pol\u00edtica de privacidad._acepto_el_almacenamiento_con_fines_de_procesamiento_y_he_le\u00eddo_y_acepto_la_pol\u00edtica_de_privacidad\" value=\"Acepto el almacenamiento con fines de procesamiento y he le\u00eddo y acepto la pol\u00edtica de privacidad.\" style=\"display: none\"><a class=\"fa ui-state-default\" rel=\"nofollow\" href=\"#\">.<\/a><\/div><span class=\"input-label check-label\" style=\"color: #5b5b5b\">Acepto el almacenamiento con fines de procesamiento y he le\u00eddo y acepto la pol\u00edtica de privacidad.<\/span><\/span><\/label><\/div><\/div><\/div><\/div><\/div><\/div><\/div><div class=\"form_field all_fields submit-button the_submit button_fields common_fields preset_fields special_fields selection_fields\" style=\"margin-bottom: 15px;position: relative;top: 0px\" id=\"_45527\"><div class=\"row\"><div class=\"col-sm-12\" id=\"field_container\"><div class=\"row\"><div class=\"col-sm-12  input_container\"><button class=\"nex-submit svg_ready the_input_element btn btn-default\" data-ga=\"\" style=\"font-size: 18px;background-color: #67e5cc;color: #ffffff;border-width: 0px\">Entregar<\/button><\/div><\/div><\/div><\/div><\/div><\/form><\/div><\/div><\/div><\/div><\/div><style type=\"text\/css\" class=\"nex-forms-custom-css\"><\/style>\t<\/div>\n\t\t\t\t\t\t<\/div>\n\t\t\t\t<\/div>\n\t\t<div class=\"elementor-element elementor-element-82a752b e-con-full e-flex e-con e-child\" data-id=\"82a752b\" data-element_type=\"container\">\n\t\t\t\t<div class=\"elementor-element elementor-element-eeeabf9 elementor-widget__width-initial elementor-widget elementor-widget-heading\" data-id=\"eeeabf9\" data-element_type=\"widget\" data-widget_type=\"heading.default\">\n\t\t\t\t\t<h1 class=\"elementor-heading-title elementor-size-default\">Su persona<br><span style=\"color: #67E5CC\">de contacto<\/span> <\/h1>\t\t\t\t<\/div>\n\t\t<div class=\"elementor-element elementor-element-f1e0d68 e-con-full e-flex e-con e-child\" data-id=\"f1e0d68\" data-element_type=\"container\">\n\t\t<div class=\"elementor-element elementor-element-38fefe7 e-con-full e-flex e-con e-child\" data-id=\"38fefe7\" data-element_type=\"container\">\n\t\t\t\t<div class=\"elementor-element elementor-element-88d1e5f elementor-widget elementor-widget-image\" data-id=\"88d1e5f\" data-element_type=\"widget\" data-widget_type=\"image.default\">\n\t\t\t\t\t\t\t\t\t\t\t\t\t\t\t<img fetchpriority=\"high\" decoding=\"async\" width=\"517\" height=\"678\" src=\"https:\/\/tropotherm.es\/wp-content\/uploads\/2025\/10\/Emilio_cabeo.png\" class=\"attachment-large size-large wp-image-5263\" alt=\"\" srcset=\"https:\/\/tropotherm.es\/wp-content\/uploads\/2025\/10\/Emilio_cabeo.png 517w, https:\/\/tropotherm.es\/wp-content\/uploads\/2025\/10\/Emilio_cabeo-381x500.png 381w, https:\/\/tropotherm.es\/wp-content\/uploads\/2025\/10\/Emilio_cabeo-229x300.png 229w, https:\/\/tropotherm.es\/wp-content\/uploads\/2025\/10\/Emilio_cabeo-57x75.png 57w\" sizes=\"(max-width:767px) 517px, 517px\" \/>\t\t\t\t\t\t\t\t\t\t\t\t\t\t\t<\/div>\n\t\t\t\t<div class=\"elementor-element elementor-element-06d5d4a elementor-widget__width-initial elementor-widget elementor-widget-heading\" data-id=\"06d5d4a\" data-element_type=\"widget\" data-widget_type=\"heading.default\">\n\t\t\t\t\t<h1 class=\"elementor-heading-title elementor-size-default\">Emilio Rodriguez Cabeo Dr.-Ing.<\/h1>\t\t\t\t<\/div>\n\t\t\t\t<div class=\"elementor-element elementor-element-78d1fdb elementor-widget__width-initial elementor-widget elementor-widget-heading\" data-id=\"78d1fdb\" data-element_type=\"widget\" data-widget_type=\"heading.default\">\n\t\t\t\t\t<h1 class=\"elementor-heading-title elementor-size-default\">Director General<\/h1>\t\t\t\t<\/div>\n\t\t\t\t<\/div>\n\t\t<div class=\"elementor-element elementor-element-1e45b05 e-con-full e-flex e-con e-child\" data-id=\"1e45b05\" data-element_type=\"container\">\n\t\t\t\t<div class=\"elementor-element elementor-element-88a98d9 elementor-widget elementor-widget-image\" data-id=\"88a98d9\" data-element_type=\"widget\" data-widget_type=\"image.default\">\n\t\t\t\t\t\t\t\t\t\t\t\t\t\t\t<img decoding=\"async\" width=\"517\" height=\"678\" src=\"https:\/\/tropotherm.es\/wp-content\/uploads\/2025\/10\/ronald_edler.png\" class=\"attachment-large size-large wp-image-5262\" alt=\"\" srcset=\"https:\/\/tropotherm.es\/wp-content\/uploads\/2025\/10\/ronald_edler.png 517w, https:\/\/tropotherm.es\/wp-content\/uploads\/2025\/10\/ronald_edler-381x500.png 381w, https:\/\/tropotherm.es\/wp-content\/uploads\/2025\/10\/ronald_edler-229x300.png 229w, https:\/\/tropotherm.es\/wp-content\/uploads\/2025\/10\/ronald_edler-57x75.png 57w\" sizes=\"(max-width:767px) 517px, 517px\" \/>\t\t\t\t\t\t\t\t\t\t\t\t\t\t\t<\/div>\n\t\t\t\t<div class=\"elementor-element elementor-element-3902a16 elementor-widget__width-initial elementor-widget elementor-widget-heading\" data-id=\"3902a16\" data-element_type=\"widget\" data-widget_type=\"heading.default\">\n\t\t\t\t\t<h1 class=\"elementor-heading-title elementor-size-default\">Ronald Edler<\/h1>\t\t\t\t<\/div>\n\t\t\t\t<div class=\"elementor-element elementor-element-726bc9e elementor-widget__width-initial elementor-widget elementor-widget-heading\" data-id=\"726bc9e\" data-element_type=\"widget\" data-widget_type=\"heading.default\">\n\t\t\t\t\t<h1 class=\"elementor-heading-title elementor-size-default\">Economista de Negocios Director General<\/h1>\t\t\t\t<\/div>\n\t\t\t\t<\/div>\n\t\t<div class=\"elementor-element elementor-element-6e29e96 e-con-full e-flex e-con e-child\" data-id=\"6e29e96\" data-element_type=\"container\">\n\t\t\t\t<div class=\"elementor-element elementor-element-e88ec8c elementor-widget elementor-widget-image\" data-id=\"e88ec8c\" data-element_type=\"widget\" data-widget_type=\"image.default\">\n\t\t\t\t\t\t\t\t\t\t\t\t\t\t\t<img decoding=\"async\" width=\"517\" height=\"678\" src=\"https:\/\/tropotherm.es\/wp-content\/uploads\/2025\/10\/daniele-1.jpg\" class=\"attachment-large size-large wp-image-5801\" alt=\"\" srcset=\"https:\/\/tropotherm.es\/wp-content\/uploads\/2025\/10\/daniele-1.jpg 517w, https:\/\/tropotherm.es\/wp-content\/uploads\/2025\/10\/daniele-1-381x500.jpg 381w, https:\/\/tropotherm.es\/wp-content\/uploads\/2025\/10\/daniele-1-229x300.jpg 229w, https:\/\/tropotherm.es\/wp-content\/uploads\/2025\/10\/daniele-1-57x75.jpg 57w\" sizes=\"(max-width:767px) 517px, 517px\" \/>\t\t\t\t\t\t\t\t\t\t\t\t\t\t\t<\/div>\n\t\t\t\t<div class=\"elementor-element elementor-element-a6c7d6a elementor-widget__width-initial elementor-widget elementor-widget-heading\" data-id=\"a6c7d6a\" data-element_type=\"widget\" data-widget_type=\"heading.default\">\n\t\t\t\t\t<h1 class=\"elementor-heading-title elementor-size-default\">Danielle Teodoro Rosa<\/h1>\t\t\t\t<\/div>\n\t\t\t\t<div class=\"elementor-element elementor-element-e267a36 elementor-widget__width-initial elementor-widget elementor-widget-heading\" data-id=\"e267a36\" data-element_type=\"widget\" data-widget_type=\"heading.default\">\n\t\t\t\t\t<h1 class=\"elementor-heading-title elementor-size-default\">Ingeniera Qu\u00edmica<br>Industrial<br>Gerente de Proyecto<\/h1>\t\t\t\t<\/div>\n\t\t\t\t<\/div>\n\t\t\t\t<\/div>\n\t\t\t\t<div class=\"elementor-element elementor-element-eadb27a elementor-widget elementor-widget-text-editor\" data-id=\"eadb27a\" data-element_type=\"widget\" data-widget_type=\"text-editor.default\">\n\t\t\t\t\t\t\t\t\t<p><strong>TropoTherm, S.L.<\/strong><br \/>Almer\u00eda, Spain<br \/>+34 950 208 756<br \/><br \/>contact@tropotherm.es<br \/>www.tropotherm.es<\/p>\t\t\t\t\t\t\t\t<\/div>\n\t\t\t\t<\/div>\n\t\t\t\t<\/div>\n\t\t\t\t<\/div>\n\t\t","protected":false},"excerpt":{"rendered":"<p>TropoThermContacto P\u00f3ngase en contacto con nosotros. \u00a1Nos encantan las buenas conversaciones y las nuevas ideas! Tanto si desea iniciar un proyecto como si simplemente quiere saludar,<span class=\"excerpt-hellip\"> [\u2026]<\/span><\/p>\n","protected":false},"author":1,"featured_media":0,"parent":0,"menu_order":0,"comment_status":"open","ping_status":"closed","template":"","meta":{"footnotes":""},"class_list":["post-4925","page","type-page","status-publish","hentry"],"_links":{"self":[{"href":"https:\/\/tropotherm.es\/es\/wp-json\/wp\/v2\/pages\/4925","targetHints":{"allow":["GET"]}}],"collection":[{"href":"https:\/\/tropotherm.es\/es\/wp-json\/wp\/v2\/pages"}],"about":[{"href":"https:\/\/tropotherm.es\/es\/wp-json\/wp\/v2\/types\/page"}],"author":[{"embeddable":true,"href":"https:\/\/tropotherm.es\/es\/wp-json\/wp\/v2\/users\/1"}],"replies":[{"embeddable":true,"href":"https:\/\/tropotherm.es\/es\/wp-json\/wp\/v2\/comments?post=4925"}],"version-history":[{"count":35,"href":"https:\/\/tropotherm.es\/es\/wp-json\/wp\/v2\/pages\/4925\/revisions"}],"predecessor-version":[{"id":5992,"href":"https:\/\/tropotherm.es\/es\/wp-json\/wp\/v2\/pages\/4925\/revisions\/5992"}],"wp:attachment":[{"href":"https:\/\/tropotherm.es\/es\/wp-json\/wp\/v2\/media?parent=4925"}],"curies":[{"name":"wp","href":"https:\/\/api.w.org\/{rel}","templated":true}]}}